{"id":2,"date":"2014-01-15T19:16:48","date_gmt":"2014-01-15T19:16:48","guid":{"rendered":"http:\/\/sindicatosapezal.com.br\/2014\/?page_id=2"},"modified":"2023-04-27T15:15:54","modified_gmt":"2023-04-27T19:15:54","slug":"diretoria","status":"publish","type":"page","link":"https:\/\/sindicatosapezal.com.br\/2014\/diretoria\/","title":{"rendered":"Mesa Diretora"},"content":{"rendered":"<p>Sindicato: A\u00e7\u00e3o e Luta gest\u00e3o 2022\/2025<\/p>\n<p><strong>SINDICATO: A\u00c7\u00c3O E LUTA<\/strong> \u2013 Gest\u00e3o 01\/09\/2022 \u00e0 31\/08\/2025<\/p>\n<p>&nbsp;<\/p>\n<p><strong>Diretoria<\/strong><\/p>\n<p>&nbsp;Fabiana Colpani \u2013 Presidente<\/p>\n<p>Gelson Leite de Souza \u2013 Vice-presidente<\/p>\n<p>&nbsp;Vandecl\u00e9ia Silva Lobo &#8211; Secret\u00e1ria Geral<\/p>\n<p>Andrea de Castro Louzada \u2013 1\u00b0 Secret\u00e1ria<\/p>\n<p>&nbsp;Marcelino Mac\u00e1rio Gon\u00e7alves &#8211; Tesoureiro Geral<\/p>\n<p>Nelson Ponciano da Silva \u2013 1\u00b0 Tesoureiro<\/p>\n<p><strong>&nbsp;<\/strong><\/p>\n<p><strong>Conselho Fiscal<\/strong><\/p>\n<p>&nbsp;Cleder Francisco Cigognini \u2013 Conselheiro Fiscal<\/p>\n<p>Rita Souza Soares \u2013 Conselheiro Fiscal<\/p>\n<p>&nbsp;Maria dos Santos Coradi \u2013 Conselheiro Fiscal<\/p>\n<p>Jos\u00e9 Gon\u00e7alves de Ara\u00fajo &#8211; Suplente<\/p>\n<p>Duallas Costa Ara\u00fajo &#8211; Suplente<\/p>\n<p>Marilene dos Prazeres Messias &#8211; Suplente<\/p>\n","protected":false},"excerpt":{"rendered":"<p>Sindicato: A\u00e7\u00e3o e Luta gest\u00e3o 2022\/2025 SINDICATO: A\u00c7\u00c3O E LUTA \u2013 Gest\u00e3o 01\/09\/2022 \u00e0 31\/08\/2025 &nbsp; Diretoria &nbsp;Fabiana Colpani \u2013 Presidente Gelson Leite de Souza \u2013 Vice-presidente &nbsp;Vandecl\u00e9ia Silva Lobo &#8211; Secret\u00e1ria Geral Andrea de Castro Louzada \u2013 1\u00b0 Secret\u00e1ria &nbsp;Marcelino Mac\u00e1rio Gon\u00e7alves &#8211; Tesoureiro Geral Nelson Ponciano da Silva \u2013 1\u00b0 Tesoureiro &nbsp; Conselho [&hellip;]<\/p>\n","protected":false},"author":1,"featured_media":0,"parent":0,"menu_order":0,"comment_status":"open","ping_status":"open","template":"","meta":{"ngg_post_thumbnail":0},"acf":[],"_links":{"self":[{"href":"https:\/\/sindicatosapezal.com.br\/2014\/wp-json\/wp\/v2\/pages\/2"}],"collection":[{"href":"https:\/\/sindicatosapezal.com.br\/2014\/wp-json\/wp\/v2\/pages"}],"about":[{"href":"https:\/\/sindicatosapezal.com.br\/2014\/wp-json\/wp\/v2\/types\/page"}],"author":[{"embeddable":true,"href":"https:\/\/sindicatosapezal.com.br\/2014\/wp-json\/wp\/v2\/users\/1"}],"replies":[{"embeddable":true,"href":"https:\/\/sindicatosapezal.com.br\/2014\/wp-json\/wp\/v2\/comments?post=2"}],"version-history":[{"count":14,"href":"https:\/\/sindicatosapezal.com.br\/2014\/wp-json\/wp\/v2\/pages\/2\/revisions"}],"predecessor-version":[{"id":5165,"href":"https:\/\/sindicatosapezal.com.br\/2014\/wp-json\/wp\/v2\/pages\/2\/revisions\/5165"}],"wp:attachment":[{"href":"https:\/\/sindicatosapezal.com.br\/2014\/wp-json\/wp\/v2\/media?parent=2"}],"curies":[{"name":"wp","href":"https:\/\/api.w.org\/{rel}","templated":true}]}}