{"id":782,"date":"2018-01-30T16:46:11","date_gmt":"2018-01-30T19:46:11","guid":{"rendered":"http:\/\/sindicatosapezal.com.br\/2014\/?page_id=782"},"modified":"2018-01-30T16:47:35","modified_gmt":"2018-01-30T19:47:35","slug":"planos-de-carreira","status":"publish","type":"page","link":"http:\/\/sindicatosapezal.com.br\/2014\/planos-de-carreira\/","title":{"rendered":"Planos de Carreira"},"content":{"rendered":"<h1>2. Planos de Carreira<\/h1>\n<p>&nbsp;<\/p>\n<p><a href=\"https:\/\/leismunicipais.com.br\/estatuto-do-servidor-funcionario-publico-sapezal-mt\"><strong>2.1<\/strong> &#8211; Estatuto do Servidor P\u00fablico Municipal de Sapezal\/MT<\/a><\/p>\n<p>&nbsp;<\/p>\n<p><a href=\"https:\/\/leismunicipais.com.br\/plano-de-cargos-e-carreiras-sapezal-mt\"><strong>2.2 &#8211; <\/strong>Plano de Cargos, Carreira e Remunera\u00e7\u00e3o dos Servidores do Poder Executivo do Munic\u00edpio De Sapezal \u2013 MT: (Lei n\u00b0 1052\/2013)<\/a><\/p>\n<p>&nbsp;<\/p>\n<p><a href=\"https:\/\/leismunicipais.com.br\/a\/mt\/s\/sapezal\/lei-ordinaria\/2013\/106\/1053\/lei-ordinaria-n-1053-2013-cria-e-institui-a-carreira-dos-profissionais-do-sistema-unico-de-saude-do-municipio-de-sapezal-e-da-outras-providencias?q=1053%2F2013\"><strong>2.3 <\/strong>&#8211; Cria e Institui a Carreira Dos Profissionais do Sistema \u00danico De Sa\u00fade: (Lei n\u00ba 1053\/2013)<\/a><\/p>\n<p>&nbsp;<\/p>\n<p><a href=\"https:\/\/leismunicipais.com.br\/a\/mt\/s\/sapezal\/lei-ordinaria\/2013\/106\/1054\/lei-ordinaria-n-1054-2013-dispoe-sobre-a-reformulacao-e-reestruturacao-do-plano-de-cargos-carreira-e-remuneracao-dos-profissionais-do-ensino-publico-municipal-municipio-de-sapezal-mt-e-da-outras-providencias?q=1054%2F2\"><strong>2.4 <\/strong>&#8211; Reformula\u00e7\u00e3o e Reestrutura\u00e7\u00e3o do Plano de Cargos, Carreira e Remunera\u00e7\u00e3o dos Profissionais do Ensino P\u00fablico Municipal: (Lei n\u00ba 1054\/2013)<\/a><\/p>\n<p>&nbsp;<\/p>\n<p><a href=\"https:\/\/leismunicipais.com.br\/a\/mt\/s\/sapezal\/lei-ordinaria\/2011\/96\/951\/lei-ordinaria-n-951-2011-dispoe-sobre-a-criacao-da-guarda-municipal-de-sapezal-e-da-outras-providencias?q=951%2F2011\"><strong>2.5 <\/strong>\u2013 Cria\u00e7\u00e3o da Guarda Municipal: (Lei n\u00ba 951\/2011)<\/a><\/p>\n<p>&nbsp;<\/p>\n<p><a href=\"https:\/\/leismunicipais.com.br\/a\/mt\/s\/sapezal\/lei-ordinaria\/2008\/73\/735\/lei-ordinaria-n-735-2008-dispoe-sobre-processo-seletivo-publico-e-a-criacao-de-cargo-publico-no-ambito-da-administracao-publica-municipal\"><strong>2.6<\/strong> \u2013 Agente Comunit\u00e1rio de Sa\u00fade e Agente de Combate \u00e0 Endemias &#8211; ACE e ACS \u2013 (Lei n\u00b0 735\/2008)<\/a><\/p>\n<p>&nbsp;<\/p>\n<p><a href=\"https:\/\/leismunicipais.com.br\/a\/mt\/s\/sapezal\/lei-ordinaria\/2013\/108\/1076\/lei-ordinaria-n-1076-2013-reorganiza-e-reestrutura-o-plano-de-carreira-dos-servidores-da-camara-municipal-de-sapezal-e-da-outras-providencias?q=carreira%20c%E2mara\"><strong>2.7 &#8211; <\/strong>Plano de Carreira dos Servidores da C\u00e2mara Municipal de Sapezal-MT: (Lei n\u00ba 1076\/2013)<\/a><\/p>\n<p>&nbsp;<\/p>\n","protected":false},"excerpt":{"rendered":"<p>2. Planos de Carreira &nbsp; 2.1 &#8211; Estatuto do Servidor P\u00fablico Municipal de Sapezal\/MT &nbsp; 2.2 &#8211; Plano de Cargos, Carreira e Remunera\u00e7\u00e3o dos Servidores do Poder Executivo do Munic\u00edpio De Sapezal \u2013 MT: (Lei n\u00b0 1052\/2013) &nbsp; 2.3 &#8211; Cria e Institui a Carreira Dos Profissionais do Sistema \u00danico De Sa\u00fade: (Lei n\u00ba 1053\/2013) [&hellip;]<\/p>\n","protected":false},"author":1,"featured_media":0,"parent":0,"menu_order":0,"comment_status":"closed","ping_status":"closed","template":"","meta":{"ngg_post_thumbnail":0},"acf":[],"_links":{"self":[{"href":"http:\/\/sindicatosapezal.com.br\/2014\/wp-json\/wp\/v2\/pages\/782"}],"collection":[{"href":"http:\/\/sindicatosapezal.com.br\/2014\/wp-json\/wp\/v2\/pages"}],"about":[{"href":"http:\/\/sindicatosapezal.com.br\/2014\/wp-json\/wp\/v2\/types\/page"}],"author":[{"embeddable":true,"href":"http:\/\/sindicatosapezal.com.br\/2014\/wp-json\/wp\/v2\/users\/1"}],"replies":[{"embeddable":true,"href":"http:\/\/sindicatosapezal.com.br\/2014\/wp-json\/wp\/v2\/comments?post=782"}],"version-history":[{"count":3,"href":"http:\/\/sindicatosapezal.com.br\/2014\/wp-json\/wp\/v2\/pages\/782\/revisions"}],"predecessor-version":[{"id":785,"href":"http:\/\/sindicatosapezal.com.br\/2014\/wp-json\/wp\/v2\/pages\/782\/revisions\/785"}],"wp:attachment":[{"href":"http:\/\/sindicatosapezal.com.br\/2014\/wp-json\/wp\/v2\/media?parent=782"}],"curies":[{"name":"wp","href":"https:\/\/api.w.org\/{rel}","templated":true}]}}